{"id":1089,"date":"2016-04-29T15:50:06","date_gmt":"2016-04-29T12:50:06","guid":{"rendered":"http:\/\/lindakivi.ee\/?page_id=1089"},"modified":"2020-12-02T19:59:23","modified_gmt":"2020-12-02T17:59:23","slug":"tai-chi-klubi","status":"publish","type":"page","link":"https:\/\/lindakivi.ee\/et\/huviringid-2\/tai-chi-klubi\/","title":{"rendered":"Tai Chi klubi"},"content":{"rendered":"<p><strong>Tai Chi klubi<\/strong><\/p>\n<p><a href=\"http:\/\/lindakivi.ee\/wp-content\/uploads\/2016\/04\/150510-4.jpg\" rel=\"lightbox[1089]\"><img decoding=\"async\" class=\"aligncenter size-full wp-image-1091\" title=\"150510-4\" src=\"http:\/\/lindakivi.ee\/wp-content\/uploads\/2016\/04\/150510-4.jpg\" alt=\"\" \/><\/a><\/p>\n<p><strong>1. Tervendav v\u00f5imlemine TAICHI<\/strong><\/p>\n<p><a href=\"http:\/\/lindakivi.ee\/wp-content\/uploads\/2016\/04\/taichi24-1504.jpg\" rel=\"lightbox[1089]\"><img decoding=\"async\" class=\"aligncenter size-full wp-image-1090\" title=\"taichi24-1504\" src=\"http:\/\/lindakivi.ee\/wp-content\/uploads\/2016\/04\/taichi24-1504.jpg\" alt=\"\" \/><\/a><\/p>\n<p><strong>Ilu, harmoonia, tervis<\/strong> \u2013 nende tulemusteni v\u00f5ib j\u00f5uda, kui tegeleda Taichi ja hingamisharjutustega.<\/p>\n<p><strong>Taichi <\/strong>t\u00e4hendab t\u00f5lkes <strong>Suur Piir<\/strong>, mis seostub ida <strong>Yin-Yang<\/strong> kontseptsiooniga. Iga tegevus, mis saavutab oma piiri, muutub vastupidiseks ja l\u00e4heb tagasi oma algusesse.<\/p>\n<p>Sellel p\u00f5him\u00f5ttel on \u00fclesehitatud Taichi harjutused.<\/p>\n<p>&nbsp;<\/p>\n<p>Kompleksne tegevus (rahu, positiivne h\u00e4\u00e4lestatus, pehmus) \u2013 parandavad j\u00e4rk-j\u00e4rgult krooniliste haiguste seisundit (liigeste valud, <em>ostehondroos<\/em><em>,<\/em> s\u00fcdame veresoonkonna haigused jt)<\/p>\n<p>&nbsp;<\/p>\n<p><strong>2. Qigong hingamisharjutused<\/strong><\/p>\n<p>Erinevates harjutustes on omavahel seotud liikumine ja hingamine. Sel moel koordineerime kogu organismi ja erinevaid elundeid eraldi. H\u00e4\u00e4lestame keha eneseregulatsioonile ja \u2013tervendamisele.<\/p>\n<p>&nbsp;<\/p>\n<p><strong>3. V\u00f5itluskunstid Yang Chuan Taichi stiilis.<\/strong><\/p>\n<p>&nbsp;<\/p>\n<p>Taichi v\u00f5itluskunstide tehnika p\u00f5hikomponendiks on plastiline liikumine, mis annab eelise v\u00f5itluses vaenlasega. See v\u00f5itlustiil kuulub Wushu nn \u201epehmete\u201c stiilide hulka.<\/p>\n<p>Taichiga tegelemine arendab teie potentsiaali selliselt, et suudate astuda vastu vaenlasele pehmete, peaaegu m\u00e4rkamatute j\u00f5upingutustega. See v\u00f5imaldab \u201ev\u00f5ita paljut v\u00e4hesega\u201c.<\/p>\n<p>V\u00f5itluskunsti suureks eeliseks on fakt, et sellega v\u00f5ivad tegeleda k\u00f5ik vanusegrupid, kuna suur f\u00fc\u00fcsiline j\u00f5ud ei ole vajalik.<\/p>\n<p>&nbsp;<\/p>\n<p><strong>Tunniplaan: teisip\u00e4ev, reede<\/strong><\/p>\n<p><strong>Hommikune r\u00fchm: kl. 10.00<\/strong><\/p>\n<p><strong>\u00d5htune r\u00fchm: kl.18.30<\/strong><\/p>\n<p>&nbsp;<\/p>\n<p>Info:<\/p>\n<p>Tel. 555 85\u00a0221<\/p>\n<p><a href=\"http:\/\/www.tai-chi.ee\">http:\/\/www.tai-chi.ee<\/a><\/p>\n<p><a href=\" http:\/\/www.facebook.com\/wushu.taichi\">Facebook: http:\/\/www.facebook.com\/wushu.taichi<\/a><\/p>","protected":false},"excerpt":{"rendered":"<p>Tai Chi klubi 1. Tervendav v\u00f5imlemine TAICHI Ilu, harmoonia, tervis \u2013 nende tulemusteni v\u00f5ib j\u00f5uda, kui tegeleda Taichi ja hingamisharjutustega. Taichi t\u00e4hendab t\u00f5lkes Suur Piir, mis seostub ida Yin-Yang kontseptsiooniga. Iga tegevus, mis saavutab oma piiri, muutub vastupidiseks ja l\u00e4heb tagasi oma algusesse. Sellel p\u00f5him\u00f5ttel on \u00fclesehitatud Taichi harjutused. &nbsp;&#8230; <br \/><a href=\"https:\/\/lindakivi.ee\/et\/huviringid-2\/tai-chi-klubi\/\">J\u00e4tka lugemist <span class=\"meta-nav\">&rarr;<\/span><\/a><\/p>\n","protected":false},"author":1,"featured_media":0,"parent":521,"menu_order":0,"comment_status":"closed","ping_status":"closed","template":"","meta":{"footnotes":""},"_links":{"self":[{"href":"https:\/\/lindakivi.ee\/et\/wp-json\/wp\/v2\/pages\/1089"}],"collection":[{"href":"https:\/\/lindakivi.ee\/et\/wp-json\/wp\/v2\/pages"}],"about":[{"href":"https:\/\/lindakivi.ee\/et\/wp-json\/wp\/v2\/types\/page"}],"author":[{"embeddable":true,"href":"https:\/\/lindakivi.ee\/et\/wp-json\/wp\/v2\/users\/1"}],"replies":[{"embeddable":true,"href":"https:\/\/lindakivi.ee\/et\/wp-json\/wp\/v2\/comments?post=1089"}],"version-history":[{"count":0,"href":"https:\/\/lindakivi.ee\/et\/wp-json\/wp\/v2\/pages\/1089\/revisions"}],"up":[{"embeddable":true,"href":"https:\/\/lindakivi.ee\/et\/wp-json\/wp\/v2\/pages\/521"}],"wp:attachment":[{"href":"https:\/\/lindakivi.ee\/et\/wp-json\/wp\/v2\/media?parent=1089"}],"curies":[{"name":"wp","href":"https:\/\/api.w.org\/{rel}","templated":true}]}}