{"id":1596,"date":"2019-11-18T14:15:47","date_gmt":"2019-11-18T12:15:47","guid":{"rendered":"http:\/\/lindakivi.ee\/?page_id=1596"},"modified":"2019-11-18T14:15:47","modified_gmt":"2019-11-18T12:15:47","slug":"spordiklubi-nord","status":"publish","type":"page","link":"https:\/\/lindakivi.ee\/et\/huviringid-2\/spordiklubi-nord\/","title":{"rendered":"Spordiklubi Nord"},"content":{"rendered":"<p>Spordiklubi Nord pakub v\u00f5istlustantsu treeninguid P\u00f5hja-Tallinnas, Mustam\u00e4el ja Lasnam\u00e4el.<\/p>\n<p>Lindakivi tantsusaalis on meie klubi Lasnam\u00e4e staap.<\/p>\n<p>Hea tantsup\u00f5randaga saalis on teiste treenerite hulgas ka Eesti tantsuspordi eliidi treener ning ETSL-i auliige hr Veldo Timm.<\/p>\n<p>Treeningud toimuvad vastavalt graafikule, mida saate j\u00e4lgida lehelt\u00a0<a href=\"https:\/\/sknord.ee\/voistlustants\/\" target=\"_blank\">sknord.ee\/voistlustants<\/a><\/p>\n<p>Meid saab j\u00e4lgida ja laikida facebook\u00b4is SK Nord V\u00f5istlustants.<\/p>\n<p>V\u00f5istlustants on k\u00fcmnest tantsust koosnev spordiala, mis jaguneb ladina- ja standarttantsudeks.<\/p>\n<p>Ladina-Ameerika tantsud: Cha-Cha-Cha, Jive, Paso Doble, Rumba, Samba.<\/p>\n<p>Standardtantsud: Aeglane valss, Foxtrot, Quickstep, Tango, Viini valss.<\/p>\n<p>Lisaks saavad tantsijad klassikalise tantsu (ballett) algteadmisi.<\/p>\n<p>Info 56891552, 5886 7777,\u00a0<a href=\"mailto:tants@sknord.ee\" target=\"_blank\">tants@sknord.ee<\/a>,\u00a0<a href=\"https:\/\/sknord.ee\/voistlustants\/\" target=\"_blank\">www.sknord.ee\/voistlustants<\/a><\/p>","protected":false},"excerpt":{"rendered":"<p>Spordiklubi Nord pakub v\u00f5istlustantsu treeninguid P\u00f5hja-Tallinnas, Mustam\u00e4el ja Lasnam\u00e4el. Lindakivi tantsusaalis on meie klubi Lasnam\u00e4e staap. Hea tantsup\u00f5randaga saalis on teiste treenerite hulgas ka Eesti tantsuspordi eliidi treener ning ETSL-i auliige hr Veldo Timm. Treeningud toimuvad vastavalt graafikule, mida saate j\u00e4lgida lehelt\u00a0sknord.ee\/voistlustants Meid saab j\u00e4lgida ja laikida facebook\u00b4is SK Nord&#8230; <br \/><a href=\"https:\/\/lindakivi.ee\/et\/huviringid-2\/spordiklubi-nord\/\">J\u00e4tka lugemist <span class=\"meta-nav\">&rarr;<\/span><\/a><\/p>\n","protected":false},"author":4280,"featured_media":0,"parent":521,"menu_order":0,"comment_status":"closed","ping_status":"closed","template":"","meta":{"footnotes":""},"_links":{"self":[{"href":"https:\/\/lindakivi.ee\/et\/wp-json\/wp\/v2\/pages\/1596"}],"collection":[{"href":"https:\/\/lindakivi.ee\/et\/wp-json\/wp\/v2\/pages"}],"about":[{"href":"https:\/\/lindakivi.ee\/et\/wp-json\/wp\/v2\/types\/page"}],"author":[{"embeddable":true,"href":"https:\/\/lindakivi.ee\/et\/wp-json\/wp\/v2\/users\/4280"}],"replies":[{"embeddable":true,"href":"https:\/\/lindakivi.ee\/et\/wp-json\/wp\/v2\/comments?post=1596"}],"version-history":[{"count":0,"href":"https:\/\/lindakivi.ee\/et\/wp-json\/wp\/v2\/pages\/1596\/revisions"}],"up":[{"embeddable":true,"href":"https:\/\/lindakivi.ee\/et\/wp-json\/wp\/v2\/pages\/521"}],"wp:attachment":[{"href":"https:\/\/lindakivi.ee\/et\/wp-json\/wp\/v2\/media?parent=1596"}],"curies":[{"name":"wp","href":"https:\/\/api.w.org\/{rel}","templated":true}]}}