{"id":16,"date":"2010-11-21T22:30:31","date_gmt":"2010-11-21T20:30:31","guid":{"rendered":"http:\/\/lindakivi.ee\/"},"modified":"2026-04-30T16:49:30","modified_gmt":"2026-04-30T13:49:30","slug":"ajakava","status":"publish","type":"page","link":"https:\/\/lindakivi.ee\/et\/ajakava\/","title":{"rendered":"Ajakava"},"content":{"rendered":"<p><\/p>\n<div>\n<p>&nbsp;<\/p>\n<table style=\"width: 77.1808%; height: 268px;\" border=\"1\" cellspacing=\"0\" cellpadding=\"0\">\n<tbody>\n<tr style=\"height: 22px;\">\n<td style=\"width: 32.9154%; height: 22px;\"><strong>APRILL<\/strong><\/td>\n<td style=\"width: 111.036%; height: 22px;\"><strong>\u00a0<\/strong><\/td>\n<\/tr>\n<tr style=\"height: 67px;\">\n<td style=\"width: 32.9154%; height: 67px;\"><strong>11.04 kell 17.00<\/strong><\/td>\n<td style=\"width: 111.036%; height: 67px;\">\n<div dir=\"auto\"><strong>Kevadine festivalikontsert &#8220;Tallinna Gold Chanson&#8221;.\u00a0 <\/strong>Pilet 15\u20ac, kontserdip\u00e4eval 20\u20ac. Piletid on m\u00fc\u00fcgil: <a href=\"https:\/\/fienta.com\/ru\/kevadine-festivalikontsert-2026\">https:\/\/fienta.com\/ru\/kevadine-festivalikontsert-2026<\/a><\/div>\n<div dir=\"auto\">K\u00fcsimused ja broneerimine: tallinna.chanson@gmail.com, +372 518 2635, +372 58 106 914<\/div>\n<\/td>\n<\/tr>\n<tr style=\"height: 46px;\">\n<td style=\"width: 32.9154%; height: 46px;\"><strong>11.04 kell 18.00<\/strong><\/td>\n<td style=\"width: 111.036%; height: 46px;\">\n<div dir=\"auto\"><strong>Tantsu\u00f5htu. Muusika ansamblilt &#8220;Black &amp; White&#8221;. <\/strong>Pilet 8\u20ac<\/div>\n<\/td>\n<\/tr>\n<tr style=\"height: 22px;\">\n<td style=\"width: 32.9154%; height: 22px;\"><strong>19.04 kell 17.00<\/strong><\/td>\n<td style=\"width: 111.036%; height: 22px;\">\n<div dir=\"auto\"><strong>Albert Uustulnd 100 laulude kontsert. <\/strong>Esinevad: vokaalstuudio &#8220;Miraa\u017e&#8221;, &#8220;Vanaisad&#8221; ning segakoor &#8220;Videvik&#8221;, kolletkiivide juht Vaike Sarn, \u00f5htut juhib Jaan Kiviall. Tasuta sissep\u00e4\u00e4s!<\/div>\n<\/td>\n<\/tr>\n<tr style=\"height: 67px;\">\n<td style=\"width: 32.9154%; height: 67px;\"><strong>24.04 kell 18.00<\/strong><\/td>\n<td style=\"width: 111.036%; height: 67px;\">\n<div dir=\"auto\"><strong>Rahvamuusikansambli &#8220;Zlat\u00f5e Gor\u00f5&#8221; kontsert &#8220;Roomast Pariisi&#8221;. <\/strong>Programmis on itaalia ja pratsuse heliloojate muusika.\u00a0 Pilet 10\u20ac. Piletid on m\u00fc\u00fcgil Fienta keskkonnas ja kohapeal enne kontserti algust.<\/div>\n<\/td>\n<\/tr>\n<tr style=\"height: 22px;\">\n<td style=\"width: 32.9154%; height: 22px;\"><strong>25.04 kell 18.00<\/strong><\/td>\n<td style=\"width: 111.036%; height: 22px;\">\n<div dir=\"auto\"><strong>Giraffe Royal esitleb: s\u00f5nadeta lavastus &#8220;M\u00fcsteerium&#8221;. <\/strong>&#8220;M\u00fcsteerium&#8221; k\u00f5netab k\u00f5iki, kes armastavad visuaalset teatrit ja emotsionaalselt tugevaid lavakogemusi. <span style=\"font-size: 14.08px; font-family: inherit;\">Soovituslik vanus: 8+.<\/span><strong><br \/>\n<\/strong><span style=\"font-size: 14.08px; font-family: inherit;\">Piletid on m\u00fc\u00fcgil: <a href=\"https:\/\/fienta.com\/et\/giraffe-royal-shou-misteriya-173339\">https:\/\/fienta.com\/et\/giraffe-royal-shou-misteriya-173339<\/a><\/span><\/div>\n<\/td>\n<\/tr>\n<tr style=\"height: 22px;\">\n<td style=\"width: 32.9154%; height: 22px;\"><strong>25.04 kell 18.00<\/strong><\/td>\n<td style=\"width: 111.036%; height: 22px;\"><strong>Tantsu\u00f5htu. Muusika: Meeme Kudu ja Valdeko Verrev.\u00a0<\/strong> Pilet 8\u20ac<\/td>\n<\/tr>\n<tr>\n<td style=\"width: 32.9154%;\"><strong>\u00a0<\/strong><\/td>\n<td style=\"width: 111.036%;\"><strong>\u00a0<\/strong><\/td>\n<\/tr>\n<tr>\n<td style=\"width: 32.9154%;\"><strong>MAI<\/strong><\/td>\n<td style=\"width: 111.036%;\"><strong>\u00a0<\/strong><\/td>\n<\/tr>\n<tr>\n<td style=\"width: 32.9154%;\"><strong>08.05 kell 17.00<\/strong><\/td>\n<td style=\"width: 111.036%;\"><strong>Kontsert &#8220;T\u00e4hevalgus&#8221;. <\/strong>Esinevad: Sergei Maasin, Olga Palamartsuk, Ilona Charo, Maria Kondratjeva, Dmitri Kutser. Piletid: 15-20\u20ac, kontserip\u00e4eval 20\u20ac. Piletid m\u00fc\u00fcgil Piletilevis. Lisainfo tel. 5112192 ja 55988934<\/td>\n<\/tr>\n<tr>\n<td style=\"width: 32.9154%;\"><strong>09.05 kell 12.00<\/strong><\/td>\n<td style=\"width: 111.036%;\"><strong>Emadep\u00e4eva kontsert. <\/strong>Esinevad: laulustuudio &#8220;Nupukesed&#8221;, Agneta tantsukool, koreograafiaansambel &#8220;Kolor&#8221;, &#8220;Tutti Studio&#8221;, vokaalstuudio &#8220;Voice &amp; Beauty&#8221;, laulustuudio &#8220;Vocality Olga&#8221;. Tasuta sissep\u00e4\u00e4s!<\/td>\n<\/tr>\n<tr>\n<td style=\"width: 32.9154%;\"><strong>09.05 kell 18.00<\/strong><\/td>\n<td style=\"width: 111.036%;\"><strong>Tantsu\u00f5htu. Muusika: Sven Himma.\u00a0 <\/strong>Pilet 8\u20ac<\/td>\n<\/tr>\n<tr>\n<td style=\"width: 32.9154%;\"><strong>23.05 kell 18.00<\/strong><\/td>\n<td style=\"width: 111.036%;\"><strong>Tantsu\u00f5htu. Muusika ansamblilt &#8220;For You&#8221;. Pilet 8\u20ac<\/strong><\/td>\n<\/tr>\n<\/tbody>\n<\/table>\n<\/div>\n<p><strong>Kultuurikeskus Lindakivi, J. Koorti 22 , 13623 Tallinn on avatud allj\u00e4rgnevalt:<\/strong><br \/>\n<strong>E &#8211; P kl 10.00 &#8211; 22.00<\/strong><br \/>\n<strong>Kultuurikeskus Lindakivi (Koorti 22) administraatori telefoni number: +372 5302 3534; 646 2411<\/strong><\/p>\n<p><strong>Kalevipoja tn 10, 13625 Tallinn (Huviringide maja) on avatud allj\u00e4rgnevalt:<\/strong><br \/>\n<strong>T\u00f6\u00f6p\u00e4evadel, E &#8211; R kl 12.00 &#8211; 22.00<\/strong><br \/>\n<strong>L &#8211; P kl 10.00 &#8211; 19.00<\/strong><\/p>\n<p><span style=\"font-size: 14px; line-height: 1.6em;\"><strong>Huviringide maja (Kalevipoja 10) administraatori telefoni number: +372 53 026 065; 607 2773<\/strong><\/span><\/p>\n<p><strong style=\"font-size: 14.08px;\">\u00dcrituste korraldajatel on \u00f5igus teha \u00fcrituste kavas muudatusi.<\/strong><strong><span style=\"font-size: 14.08px;\">\u00dcrituse algus- ja orienteeruv l\u00f5puaeg v\u00f5ib muutuda ning ei s\u00f5ltu kultuurikeskuse Lindakivi personalist.<\/span><\/strong><\/p>\n<div><span style=\"font-size: 14px; line-height: 1.6em; color: #ff0000;\"><strong>RIIGIP\u00dcHADE AJAL M\u00d5LEMAD MAJAD ON SULETUD!<\/strong><\/span><\/div>\n<div><span style=\"color: #000000; font-size: 14.08px; background-color: #ffffff;\">\u00a0<\/span><\/div>\n<div><span class=\"x3nfvp2 x1j61x8r x1fcty0u xdj266r xhhsvwb xat24cr xgzva0m xxymvpz xlup9mm x1kky2od\" style=\"display: inline-flex; vertical-align: middle; margin-right: 1px; margin-left: 1px; height: 16px; width: 16px; font-family: 'Segoe UI Historic', 'Segoe UI', Helvetica, Arial, sans-serif; color: #050505; font-size: 15px; white-space-collapse: preserve; background-color: #ffffff;\">\u00a0<\/span><\/div>\n<div><span class=\"x3nfvp2 x1j61x8r x1fcty0u xdj266r xhhsvwb xat24cr xgzva0m xxymvpz xlup9mm x1kky2od\" style=\"display: inline-flex; vertical-align: middle; margin-right: 1px; margin-left: 1px; height: 16px; width: 16px; font-family: 'Segoe UI Historic', 'Segoe UI', Helvetica, Arial, sans-serif; color: #050505; font-size: 15px; white-space-collapse: preserve; background-color: #ffffff;\">\u00a0<\/span><\/div>\n<p><\/p>","protected":false},"excerpt":{"rendered":"<p>&nbsp; APRILL \u00a0 11.04 kell 17.00 Kevadine festivalikontsert &#8220;Tallinna Gold Chanson&#8221;.\u00a0 Pilet 15\u20ac, kontserdip\u00e4eval 20\u20ac. Piletid on m\u00fc\u00fcgil: https:\/\/fienta.com\/ru\/kevadine-festivalikontsert-2026 K\u00fcsimused ja broneerimine: tallinna.chanson@gmail.com, +372 518 2635, +372 58 106 914 11.04 kell 18.00 Tantsu\u00f5htu. Muusika ansamblilt &#8220;Black &amp; White&#8221;. Pilet 8\u20ac 19.04 kell 17.00 Albert Uustulnd 100 laulude kontsert. Esinevad:&#8230; <br \/><a href=\"https:\/\/lindakivi.ee\/et\/ajakava\/\">J\u00e4tka lugemist <span class=\"meta-nav\">&rarr;<\/span><\/a><\/p>\n","protected":false},"author":1,"featured_media":0,"parent":0,"menu_order":2,"comment_status":"closed","ping_status":"closed","template":"","meta":{"footnotes":""},"_links":{"self":[{"href":"https:\/\/lindakivi.ee\/et\/wp-json\/wp\/v2\/pages\/16"}],"collection":[{"href":"https:\/\/lindakivi.ee\/et\/wp-json\/wp\/v2\/pages"}],"about":[{"href":"https:\/\/lindakivi.ee\/et\/wp-json\/wp\/v2\/types\/page"}],"author":[{"embeddable":true,"href":"https:\/\/lindakivi.ee\/et\/wp-json\/wp\/v2\/users\/1"}],"replies":[{"embeddable":true,"href":"https:\/\/lindakivi.ee\/et\/wp-json\/wp\/v2\/comments?post=16"}],"version-history":[{"count":0,"href":"https:\/\/lindakivi.ee\/et\/wp-json\/wp\/v2\/pages\/16\/revisions"}],"wp:attachment":[{"href":"https:\/\/lindakivi.ee\/et\/wp-json\/wp\/v2\/media?parent=16"}],"curies":[{"name":"wp","href":"https:\/\/api.w.org\/{rel}","templated":true}]}}