{"id":1671,"date":"2020-09-07T15:43:52","date_gmt":"2020-09-07T12:43:52","guid":{"rendered":"http:\/\/lindakivi.ee\/?page_id=1671"},"modified":"2020-09-09T13:30:17","modified_gmt":"2020-09-09T10:30:17","slug":"poiste-ring","status":"publish","type":"page","link":"https:\/\/lindakivi.ee\/et\/huviringid-2\/poiste-ring\/","title":{"rendered":"Poiste ring"},"content":{"rendered":"<p><a rel=\"attachment wp-att-1672\" href=\"http:\/\/lindakivi.ee\/huviringid-2\/poiste-ring\/poiste-ring-2\/\"><img decoding=\"async\" class=\"aligncenter size-full wp-image-1672\" title=\"POISTE RING\" src=\"http:\/\/lindakivi.ee\/wp-content\/uploads\/2020\/09\/POISTE-RING.png\" alt=\"\" \/><\/a><\/p>\n<p>O<span style=\"font-size: 14.08px;\">n ainult 1.- 4. klassi poistele m\u00f5eldud huvitegevusring eesm\u00e4rgiga<\/span><\/p>\n<ul>\n<li>tugevdada poiste f\u00fc\u00fcsilist vormi \u2013 lihaskonda, vastupidavust;<\/li>\n<li>arendada liikuvust ja paindumist;<\/li>\n<li> \u00f5petada kiirust ja osavust;<\/li>\n<li> tasakaalustada keha ja vaimu.<\/li>\n<\/ul>\n<p>Eesm\u00e4rkide poole p\u00fc\u00fcdleme l\u00e4bi nelja erineva tegevuse:<\/p>\n<ul>\n<li>\u00fcldf\u00fc\u00fcsiline treening (\u00dcKE)<\/li>\n<li>akrobaatika;<\/li>\n<li>Won Hwa Do;<\/li>\n<li><span style=\"font-size: 14.08px;\">tantsuline liikumine.<\/span><\/li>\n<\/ul>\n<p>\u00d5petajad Veiko P\u00f5ldmaa (Won Hwa Do, \u00dcKE), Agnes M\u00e4gismaa (\u00dcKE, akrobaatika, tantsuline liikumine)<\/p>\n<p><strong>Won Hwa Do<\/strong> \u2013 on Korea v\u00f5itluskunsti stiil, mis on tuntud oma sujuvate ringtehnikate poolest. T\u00f5lkes t\u00e4hendaks Won Hwa Do \u201eHarmoonia tee\u201c. Selle v\u00f5itluskunsti tehnikad baseeruvad ringlevatel liikumistel. K\u00e4te ringlevaid liikumisi kasutatakse nii edaspidi kui ka tagurpidi liikumisel. Suurem t\u00e4helepanu on enesekaitsele, mitte r\u00fcndamisele. See ei ole ainult v\u00f5itluskunst, vaid ka elufilosoofia, saavutada harmoonia enda ja \u00fcmbritsevaga.<\/p>\n<p><strong>T\u00e4psem info ja registreerimine 5544458.<\/strong><\/p>","protected":false},"excerpt":{"rendered":"<p>On ainult 1.- 4. klassi poistele m\u00f5eldud huvitegevusring eesm\u00e4rgiga tugevdada poiste f\u00fc\u00fcsilist vormi \u2013 lihaskonda, vastupidavust; arendada liikuvust ja paindumist; \u00f5petada kiirust ja osavust; tasakaalustada keha ja vaimu. Eesm\u00e4rkide poole p\u00fc\u00fcdleme l\u00e4bi nelja erineva tegevuse: \u00fcldf\u00fc\u00fcsiline treening (\u00dcKE) akrobaatika; Won Hwa Do; tantsuline liikumine. \u00d5petajad Veiko P\u00f5ldmaa (Won Hwa Do,&#8230; <br \/><a href=\"https:\/\/lindakivi.ee\/et\/huviringid-2\/poiste-ring\/\">J\u00e4tka lugemist <span class=\"meta-nav\">&rarr;<\/span><\/a><\/p>\n","protected":false},"author":4280,"featured_media":0,"parent":521,"menu_order":0,"comment_status":"closed","ping_status":"closed","template":"","meta":{"footnotes":""},"_links":{"self":[{"href":"https:\/\/lindakivi.ee\/et\/wp-json\/wp\/v2\/pages\/1671"}],"collection":[{"href":"https:\/\/lindakivi.ee\/et\/wp-json\/wp\/v2\/pages"}],"about":[{"href":"https:\/\/lindakivi.ee\/et\/wp-json\/wp\/v2\/types\/page"}],"author":[{"embeddable":true,"href":"https:\/\/lindakivi.ee\/et\/wp-json\/wp\/v2\/users\/4280"}],"replies":[{"embeddable":true,"href":"https:\/\/lindakivi.ee\/et\/wp-json\/wp\/v2\/comments?post=1671"}],"version-history":[{"count":0,"href":"https:\/\/lindakivi.ee\/et\/wp-json\/wp\/v2\/pages\/1671\/revisions"}],"up":[{"embeddable":true,"href":"https:\/\/lindakivi.ee\/et\/wp-json\/wp\/v2\/pages\/521"}],"wp:attachment":[{"href":"https:\/\/lindakivi.ee\/et\/wp-json\/wp\/v2\/media?parent=1671"}],"curies":[{"name":"wp","href":"https:\/\/api.w.org\/{rel}","templated":true}]}}