{"id":20,"date":"2010-11-21T23:22:21","date_gmt":"2010-11-21T21:22:21","guid":{"rendered":"http:\/\/lindakivi.ee\/"},"modified":"2024-03-01T22:42:28","modified_gmt":"2024-03-01T20:42:28","slug":"keskus","status":"publish","type":"page","link":"https:\/\/lindakivi.ee\/et\/keskus\/","title":{"rendered":"Lindakivi"},"content":{"rendered":"<p><\/p>\n<p style=\"text-align: left;\"><strong style=\"font-size: 14.08px;\">Tere tulemast hubasesse Lindakivi Kultuurikeskusesse!<\/strong><\/p>\n<p>Otsite ideaalset kohta oma \u00fcrituse korraldamiseks? Meie Kultuurikeskus on just see \u00f5ige valik! Kaasaegne kontserdisaal ja hubane tantsusaal ootavad teid.<\/p>\n<p><strong>Suurep\u00e4rased renditingimused:<\/strong><\/p>\n<ul>\n<li>Kontserdisaal: 256 kohta<\/li>\n<li>Tantsusaal: kuni 100 kohta<\/li>\n<li>V\u00e4ga m\u00f5istlikud rendihinnad<\/li>\n<\/ul>\n<p><strong>Mida me pakume:<\/strong><\/p>\n<ul>\n<li>Professionaalset tuge \u00fcrituse korraldamisel ja l\u00e4biviimisel.<\/li>\n<li>Paindlikud koost\u00f6\u00f6tingimused ja individuaalne l\u00e4henemine igale kliendile.<\/li>\n<li>V\u00f5imalus arutada rendipinna k\u00fcsimusi v\u00f5i t\u00e4ieliku koost\u00f6\u00f6 v\u00f5imalust.<\/li>\n<\/ul>\n<p>Valige Lindakivi Kultuurikeskus oma s\u00fcndmuse jaoks! Koos meiega muutub teie \u00fcritus eriliseks ja meeldej\u00e4\u00e4vaks. V\u00f5tke meiega \u00fchendust, et arutada k\u00f5iki detaile ja luua koos unustamatu kultuurikogemus!<\/p>\n<p><strong>V\u00f5tke meiega \u00fchendust:<\/strong><\/p>\n<p>Telefon: +372<strong> <\/strong>632 5239<\/p>\n<p>E-post: <a href=\"mailto:info@lindakivi.ee\" target=\"_blank\">info@lindakivi.ee<\/a><\/p>\n<p>Veebisait: <a href=\"http:\/\/www.lindakivi.ee\/\" target=\"_blank\">www.lindakivi.ee<\/a><\/p>\n<p><strong>Lindakivi Kultuurikeskus \u2013 koos loome parimad s\u00fcndmused! <\/strong><\/p>\n<p style=\"text-align: center;\">&nbsp;<\/p>\n<p><object classid=\"clsid:d27cdb6e-ae6d-11cf-96b8-444553540000\" width=\"560\" height=\"315\" codebase=\"http:\/\/download.macromedia.com\/pub\/shockwave\/cabs\/flash\/swflash.cab#version=6,0,40,0\"><param name=\"allowFullScreen\" value=\"true\" \/><param name=\"allowscriptaccess\" value=\"always\" \/><param name=\"src\" value=\"\/\/www.youtube.com\/v\/2_Sm8bgLshw?hl=ru_RU&amp;version=3&amp;rel=0\" \/><param name=\"allowfullscreen\" value=\"true\" \/><embed type=\"application\/x-shockwave-flash\" width=\"560\" height=\"315\" src=\"\/\/www.youtube.com\/v\/2_Sm8bgLshw?hl=ru_RU&amp;version=3&amp;rel=0\" allowscriptaccess=\"always\" allowfullscreen=\"true\"><\/embed><\/object><\/p>\n<p><object classid=\"clsid:d27cdb6e-ae6d-11cf-96b8-444553540000\" width=\"560\" height=\"315\" codebase=\"http:\/\/download.macromedia.com\/pub\/shockwave\/cabs\/flash\/swflash.cab#version=6,0,40,0\"><param name=\"allowFullScreen\" value=\"true\" \/><param name=\"allowscriptaccess\" value=\"always\" \/><param name=\"src\" value=\"\/\/www.youtube.com\/v\/v2FbLJYN_E0?version=3&amp;hl=ru_RU&amp;rel=0\" \/><param name=\"allowfullscreen\" value=\"true\" \/><embed type=\"application\/x-shockwave-flash\" width=\"560\" height=\"315\" src=\"\/\/www.youtube.com\/v\/v2FbLJYN_E0?version=3&amp;hl=ru_RU&amp;rel=0\" allowscriptaccess=\"always\" allowfullscreen=\"true\"><\/embed><\/object><\/p>","protected":false},"excerpt":{"rendered":"<p>Tere tulemast hubasesse Lindakivi Kultuurikeskusesse! Otsite ideaalset kohta oma \u00fcrituse korraldamiseks? Meie Kultuurikeskus on just see \u00f5ige valik! Kaasaegne kontserdisaal ja hubane tantsusaal ootavad teid. Suurep\u00e4rased renditingimused: Kontserdisaal: 256 kohta Tantsusaal: kuni 100 kohta V\u00e4ga m\u00f5istlikud rendihinnad Mida me pakume: Professionaalset tuge \u00fcrituse korraldamisel ja l\u00e4biviimisel. Paindlikud koost\u00f6\u00f6tingimused ja individuaalne&#8230; <br \/><a href=\"https:\/\/lindakivi.ee\/et\/keskus\/\">J\u00e4tka lugemist <span class=\"meta-nav\">&rarr;<\/span><\/a><\/p>\n","protected":false},"author":1,"featured_media":0,"parent":0,"menu_order":1,"comment_status":"closed","ping_status":"closed","template":"","meta":{"footnotes":""},"_links":{"self":[{"href":"https:\/\/lindakivi.ee\/et\/wp-json\/wp\/v2\/pages\/20"}],"collection":[{"href":"https:\/\/lindakivi.ee\/et\/wp-json\/wp\/v2\/pages"}],"about":[{"href":"https:\/\/lindakivi.ee\/et\/wp-json\/wp\/v2\/types\/page"}],"author":[{"embeddable":true,"href":"https:\/\/lindakivi.ee\/et\/wp-json\/wp\/v2\/users\/1"}],"replies":[{"embeddable":true,"href":"https:\/\/lindakivi.ee\/et\/wp-json\/wp\/v2\/comments?post=20"}],"version-history":[{"count":0,"href":"https:\/\/lindakivi.ee\/et\/wp-json\/wp\/v2\/pages\/20\/revisions"}],"wp:attachment":[{"href":"https:\/\/lindakivi.ee\/et\/wp-json\/wp\/v2\/media?parent=20"}],"curies":[{"name":"wp","href":"https:\/\/api.w.org\/{rel}","templated":true}]}}