{"id":22,"date":"2010-11-21T23:27:35","date_gmt":"2010-11-21T21:27:35","guid":{"rendered":"http:\/\/lindakivi.ee\/"},"modified":"2026-03-16T16:36:38","modified_gmt":"2026-03-16T14:36:38","slug":"rendi-avaldus","status":"publish","type":"page","link":"https:\/\/lindakivi.ee\/et\/ruumid\/rendi-avaldus\/","title":{"rendered":"Avaldus"},"content":{"rendered":"<p><strong>\u00dcrituste korraldamise reeglid: <a href=\"http:\/\/www.kriis.ee\/\" target=\"_blank\" rel=\"noopener\">www.kriis.ee<\/a><\/strong><\/p>\n<p><strong>Broneeringu kinnitamiseks vormistage allolev avaldus hiljemalt kaks n\u00e4dalat enne \u00fcrituse algust. Tehnilise raideri muudatused palume saata hiljemalt \u00a0viis t\u00f6\u00f6p\u00e4eva enne \u00fcritust.<br \/>\n<\/strong><\/p>\n<p><a href=\"https:\/\/lindakivi.ee\/wp-content\/uploads\/2026\/03\/lindakivi_broneerimise_avaldus_leping_052025.docx\"><strong style=\"font-size: 14.08px;\"><span style=\"text-decoration: underline;\">AVALDUS-RUUMIDE RENT<\/span><\/strong><\/a><\/p>\n<p><strong style=\"font-size: 14.08px;\">Broneerimiseks palume saata 1 avaldus .doc v\u00f5i .docx formaadis ilma digi-allkirjata ja 1 avaldus koos digi-allkirjaga.<\/strong><\/p>\n<p>T\u00e4idetud ja allkirjastatud avaldus tuleb saata e-postile:\u00a0<strong><a href=\"mailto:julia.timerbulatova@lindakivi.ee\" target=\"_blank\" rel=\"noopener\">julia.timerbulatova@lindakivi.ee<\/a><\/strong><\/p>\n<p>Info 632 5239<\/p>","protected":false},"excerpt":{"rendered":"<p>\u00dcrituste korraldamise reeglid: www.kriis.ee Broneeringu kinnitamiseks vormistage allolev avaldus hiljemalt kaks n\u00e4dalat enne \u00fcrituse algust. Tehnilise raideri muudatused palume saata hiljemalt \u00a0viis t\u00f6\u00f6p\u00e4eva enne \u00fcritust. AVALDUS-RUUMIDE RENT Broneerimiseks palume saata 1 avaldus .doc v\u00f5i .docx formaadis ilma digi-allkirjata ja 1 avaldus koos digi-allkirjaga. T\u00e4idetud ja allkirjastatud avaldus tuleb saata e-postile:\u00a0julia.timerbulatova@lindakivi.ee&#8230; <br \/><a href=\"https:\/\/lindakivi.ee\/et\/ruumid\/rendi-avaldus\/\">J\u00e4tka lugemist <span class=\"meta-nav\">&rarr;<\/span><\/a><\/p>\n","protected":false},"author":1,"featured_media":0,"parent":26,"menu_order":1,"comment_status":"closed","ping_status":"closed","template":"","meta":{"footnotes":""},"_links":{"self":[{"href":"https:\/\/lindakivi.ee\/et\/wp-json\/wp\/v2\/pages\/22"}],"collection":[{"href":"https:\/\/lindakivi.ee\/et\/wp-json\/wp\/v2\/pages"}],"about":[{"href":"https:\/\/lindakivi.ee\/et\/wp-json\/wp\/v2\/types\/page"}],"author":[{"embeddable":true,"href":"https:\/\/lindakivi.ee\/et\/wp-json\/wp\/v2\/users\/1"}],"replies":[{"embeddable":true,"href":"https:\/\/lindakivi.ee\/et\/wp-json\/wp\/v2\/comments?post=22"}],"version-history":[{"count":0,"href":"https:\/\/lindakivi.ee\/et\/wp-json\/wp\/v2\/pages\/22\/revisions"}],"up":[{"embeddable":true,"href":"https:\/\/lindakivi.ee\/et\/wp-json\/wp\/v2\/pages\/26"}],"wp:attachment":[{"href":"https:\/\/lindakivi.ee\/et\/wp-json\/wp\/v2\/media?parent=22"}],"curies":[{"name":"wp","href":"https:\/\/api.w.org\/{rel}","templated":true}]}}