{"id":23,"date":"2010-11-21T23:28:35","date_gmt":"2010-11-21T21:28:35","guid":{"rendered":"http:\/\/lindakivi.ee\/"},"modified":"2024-01-15T14:10:08","modified_gmt":"2024-01-15T12:10:08","slug":"hinnakiri","status":"publish","type":"page","link":"https:\/\/lindakivi.ee\/et\/ruumid\/hinnakiri\/","title":{"rendered":"Hinnakiri"},"content":{"rendered":"<p>&nbsp;<\/p>\n<p><strong><span style=\"color: #000000;\">Alates 01. juulist 2023 Kultuurikeskuses &#8220;Lindakivi&#8221; kehtib uus hinnakiri.<\/span><\/strong><\/p>\n<table border=\"0\" cellspacing=\"0\" cellpadding=\"0\" width=\"617\">\n<colgroup>\n<col width=\"79\"><\/col>\n<col width=\"339\"><\/col>\n<col width=\"63\"><\/col>\n<col width=\"87\"><\/col>\n<col width=\"49\"><\/col>\n<\/colgroup>\n<tbody>\n<tr height=\"35\">\n<td width=\"79\" height=\"35\"><strong>Teenuse   kood<\/strong><\/td>\n<td width=\"339\"><strong>Teenus<\/strong><\/td>\n<td width=\"63\"><strong>M\u00f5\u00f5t\u00fchik<\/strong><\/td>\n<td width=\"87\"><strong>Hind<\/strong><\/td>\n<td width=\"49\"><strong>\u00dchik<\/strong><\/td>\n<\/tr>\n<tr height=\"23\">\n<td height=\"23\">3101252<\/td>\n<td>Heli- , valgus- ,lavatehnika   kasutamine<\/td>\n<td>H<\/td>\n<td>10,00<\/td>\n<td>EUR<\/td>\n<\/tr>\n<tr height=\"89\">\n<td height=\"89\">3003249<\/td>\n<td width=\"339\">Kontsertsaali   \u00fc\u00fcrimine kultuuri\u00fcrituseks (hind ei sisalda<br \/>\nheli-, valgus- ja lavatehnika kasutamist), hind sisaldab<br \/>\nkontsertklaveri ja kuni 10 tooli kasutamist laval ning<br \/>\nkultuurikeskuse reklaampindade kasutamist kuni 10<br \/>\np\u00e4eva enne \u00fcritust<\/td>\n<td>H<\/td>\n<td>75,00<\/td>\n<td>EUR<\/td>\n<\/tr>\n<tr height=\"33\">\n<td height=\"33\">3003250<\/td>\n<td width=\"339\">Kontsertsaali   \u00fc\u00fcrimine kultuuri\u00fcrituste prooviks v\u00f5i<br \/>\nettevalmistamiseks<\/td>\n<td>H<\/td>\n<td>25,00<\/td>\n<td>EUR<\/td>\n<\/tr>\n<tr height=\"69\">\n<td height=\"69\">3101250<\/td>\n<td width=\"339\">Kontsertsaali   \u00fc\u00fcrimine Lasnam\u00e4e koolide, lasteaedade,<br \/>\nLasnam\u00e4e Linnaosa Valitsuse hallatavate asutuste ning<br \/>\nkultuurikeskuse Lindakivi koost\u00f6\u00f6lepinguliste<br \/>\nkollektiivide mitteavalikeks v\u00f5i tasuta \u00fcritusteks<\/td>\n<td>H<\/td>\n<td>30,00<\/td>\n<td>EUR<\/td>\n<\/tr>\n<tr height=\"69\">\n<td height=\"69\"><\/td>\n<td width=\"339\">Kontsertsaali   \u00fc\u00fcrimine Lasnam\u00e4e koolide, lasteaedade,<br \/>\nLasnam\u00e4e Linnaosa Valitsuse hallatavate asutuste ning<br \/>\nkultuurikeskuse Lindakivi koost\u00f6\u00f6lepinguliste<br \/>\nkollektiivide tasulisteks \u00fcritusteks<\/td>\n<td>H<\/td>\n<td>50,00<\/td>\n<td>EUR<\/td>\n<\/tr>\n<tr height=\"89\">\n<td height=\"89\">3101251<\/td>\n<td width=\"339\">Kontsertsaali   \u00fc\u00fcrmine Lasnam\u00e4e koolide, lasteaedade,<br \/>\nLasnam\u00e4e Linnaosa Valitsuse hallatavate asutuste ning<br \/>\nkultuurikeskuse Lindakivi koost\u00f6\u00f6lepinguliste<br \/>\nkollektiivide mitteavalike v\u00f5i tasuta \u00fcrituste prooviks ja<br \/>\nettevalmistamiseks<\/td>\n<td>H<\/td>\n<td>10,00<\/td>\n<td>EUR<\/td>\n<\/tr>\n<tr height=\"20\">\n<td height=\"20\">3101248<\/td>\n<td width=\"339\">Kontsertsaali   \u00fc\u00fcrimine muudeks \u00fcritusteks (hind ei<br \/>\nsisalda heli-, valgus- ja lavatehnika kasutamist), hind<br \/>\nsisaldab kontsertklaveri ja kuni 10 tooli kasutamist laval<br \/>\nning kultuurikeskuse reklaampindade kasutamist kuni 10<br \/>\np\u00e4eva enne \u00fcritust<\/td>\n<td>H<\/td>\n<td>100,00<\/td>\n<td>EUR<\/td>\n<\/tr>\n<tr height=\"35\">\n<td height=\"35\">3101249<\/td>\n<td width=\"339\">Kontsertsaali   \u00fc\u00fcrimine muude \u00fcrituste prooviks v\u00f5i<br \/>\nettevalmistamiseks<\/td>\n<td>H<\/td>\n<td>40,00<\/td>\n<td>EUR<\/td>\n<\/tr>\n<tr height=\"69\">\n<td height=\"69\">3003251<\/td>\n<td width=\"339\">Tantsusaali   \u00fc\u00fcrimine kutuuri\u00fcrituseks (hind ei sisalda<br \/>\nheli-, valgus- ja lavatehnika kasutamist), hind sisaldab 60<br \/>\ntooli kasutamist ja kultuurikeskuse reklaampindade<br \/>\nkasutamise kuni 10 p\u00e4eva enne \u00fcritust<\/td>\n<td>H<\/td>\n<td>50,00<\/td>\n<td>EUR<\/td>\n<\/tr>\n<tr height=\"20\">\n<td height=\"20\">3003252<\/td>\n<td>Tantsusaali \u00fc\u00fcrimine   prooviks v\u00f5i ettevalmistamiseks<\/td>\n<td>H<\/td>\n<td>20,00<\/td>\n<td>EUR<\/td>\n<\/tr>\n<tr height=\"69\">\n<td height=\"69\">3101254<\/td>\n<td width=\"339\">Tantsusaali   \u00fc\u00fcrimine Lasnam\u00e4e koolide, lasteaedade, Lasnam\u00e4e Linnaosa Valitsuse hallatavate asutuste ning kultuurikeskuse Lindakivi koost\u00f6\u00f6lepinguliste kollektiivide mitteavalikeks v\u00f5i tasuta \u00fcritusteks<\/td>\n<td>H<\/td>\n<td>25,00<\/td>\n<td>EUR<\/td>\n<\/tr>\n<tr height=\"59\">\n<td height=\"59\">3101255<\/td>\n<td width=\"339\">Tantsusaali   \u00fc\u00fcrimine Lasnam\u00e4e koolide, lasteaedade, Lasnam\u00e4e Linnaosa Valitsuse hallatavate asutuste ning kultuurikeskuse Lindakivi koost\u00f6\u00f6lepinguliste kollektiivide mitteavalike v\u00f5i tasuta \u00fcrituste prooviks ja<br \/>\nettevalmistamiseks<\/td>\n<td>H<\/td>\n<td>10,00<\/td>\n<td>EUR<\/td>\n<\/tr>\n<tr height=\"52\">\n<td height=\"52\">3101256<\/td>\n<td width=\"339\">Tantsusaali   \u00fc\u00fcrimine harjutus- ja proovitundideks kultuurikeskuse Lindakivi koost\u00f6\u00f6lepingulistele kollektiividele<\/td>\n<td>H<\/td>\n<td>12,00<\/td>\n<td>EUR<\/td>\n<\/tr>\n<tr height=\"20\">\n<td height=\"20\">3101253<\/td>\n<td>Tantsusaali \u00fc\u00fcrimine   muudeks \u00fcritusteks<\/td>\n<td>H<\/td>\n<td>60,00<\/td>\n<td>EUR<\/td>\n<\/tr>\n<tr height=\"20\">\n<td height=\"20\">3101264<\/td>\n<td>N\u00e4itusesaali rent<\/td>\n<td>KUU<\/td>\n<td>125,00<\/td>\n<td>EUR<\/td>\n<\/tr>\n<tr height=\"20\">\n<td height=\"20\">3101265<\/td>\n<td>N\u00e4itusesaali rent   lasteasutustele<\/td>\n<td>KUU<\/td>\n<td>32,00<\/td>\n<td>EUR<\/td>\n<\/tr>\n<tr height=\"71\">\n<td height=\"71\">3003268<\/td>\n<td width=\"339\">Konverentsisaali   \u00fc\u00fcrimine kultuuri\u00fcritusteks (hind ei sisalda tehnilisi vahendeid), hind sisaldab 70 tooli ja 10 laua kasutuse ning kultuurikeskuse reklaampindade kasutamise kuni 10 p\u00e4eva enne \u00fcritust<\/td>\n<td>H<\/td>\n<td>10,00<\/td>\n<td>EUR<\/td>\n<\/tr>\n<tr height=\"36\">\n<td height=\"36\">3101266<\/td>\n<td width=\"339\">Konverentsisaali   \u00fc\u00fcrimine kultuuri\u00fcrituse prooviks v\u00f5i ettevalmistamiseks<\/td>\n<td>H<\/td>\n<td>5,00<\/td>\n<td>EUR<\/td>\n<\/tr>\n<tr height=\"75\">\n<td height=\"75\">3101267<\/td>\n<td width=\"339\">Konverentsisaali   \u00fc\u00fcrimine muudeks \u00fcritusteks (hind ei sisalda tehnilisi vahendeid), hind sisaldab 70 tooli ja 10<br \/>\nlaua kasutuse ning kultuurikeskuse reklaampindade kasutamise kuni 10 p\u00e4eva enne \u00fcritust<\/td>\n<td>H<\/td>\n<td>15,00<\/td>\n<td>EUR<\/td>\n<\/tr>\n<tr height=\"35\">\n<td height=\"35\">3101268<\/td>\n<td width=\"339\">Konverentsisaali   \u00fc\u00fcrimine muu \u00fcrituse prooviks v\u00f5i ettevalmistamiseks<\/td>\n<td>H<\/td>\n<td>7,00<\/td>\n<td>EUR<\/td>\n<\/tr>\n<tr height=\"87\">\n<td height=\"87\">3101269<\/td>\n<td width=\"339\">Konverentsisaali   \u00fc\u00fcrimine Lasnam\u00e4e koolide, lasteaedade, Lasnam\u00e4e Linnaosa Valitsuse hallatavate asutuste ning kultuurikeskuse Lindakivi koost\u00f6\u00f6lepinguliste kollektiividemitteavalikeks v\u00f5i tasuta \u00fcritusteks<\/td>\n<td>H<\/td>\n<td>7,00<\/td>\n<td>EUR<\/td>\n<\/tr>\n<tr height=\"87\">\n<td height=\"87\">3101270<\/td>\n<td width=\"339\">Konverentsisaali   \u00fc\u00fcrimine Lasnam\u00e4e koolide, lasteaedade, Lasnam\u00e4e Linnaosa Valitsuse hall atavate asutuste ning kultuurikeskuse Lindakivi koost\u00f6\u00f6lepinguliste kollektiivide mitteavalike v\u00f5i tasuta \u00fcrituste prooviks v\u00f5i ettevalmistuseks<\/td>\n<td>H<\/td>\n<td>5,00<\/td>\n<td>EUR<\/td>\n<\/tr>\n<tr height=\"20\">\n<td height=\"20\">3003253<\/td>\n<td>Kohviku rent<\/td>\n<td>H<\/td>\n<td>15,00<\/td>\n<td>EUR<\/td>\n<\/tr>\n<tr height=\"20\">\n<td height=\"20\">3101257<\/td>\n<td>Kohviku rent   lasteaedadele,koolidele<\/td>\n<td>H<\/td>\n<td>10,00<\/td>\n<td>EUR<\/td>\n<\/tr>\n<tr height=\"20\">\n<td height=\"20\">3101258<\/td>\n<td>Kontserts.,tantsus.ja   kohviku rent (kult.\u00fcrituseks)<\/td>\n<td>H<\/td>\n<td>90,00<\/td>\n<td>EUR<\/td>\n<\/tr>\n<tr height=\"20\">\n<td height=\"20\">3101259<\/td>\n<td>Kontserts.,tantsus.ja   kohv. rent (proov)<\/td>\n<td>H<\/td>\n<td>35,00<\/td>\n<td>EUR<\/td>\n<\/tr>\n<tr height=\"20\">\n<td height=\"20\">3101260<\/td>\n<td>Kontserts-tantsus. ja   kohviku rentimine (muud \u00fcritused)<\/td>\n<td>H<\/td>\n<td>110,00<\/td>\n<td>EUR<\/td>\n<\/tr>\n<tr height=\"20\">\n<td height=\"20\">3101261<\/td>\n<td>Saalid, kohvik rent   muud \u00fcritused (prooviks)<\/td>\n<td>H<\/td>\n<td>45,00<\/td>\n<td>EUR<\/td>\n<\/tr>\n<tr height=\"20\">\n<td height=\"20\">3101262<\/td>\n<td>Kontserts-tantsus.,   kohvik rent (lasteasutustele)<\/td>\n<td>H<\/td>\n<td>64,00<\/td>\n<td>EUR<\/td>\n<\/tr>\n<tr height=\"20\">\n<td height=\"20\">3101263<\/td>\n<td>Saalide,kohviku rent   (lasteasutustele prooviks)<\/td>\n<td>H<\/td>\n<td>16,00<\/td>\n<td>EUR<\/td>\n<\/tr>\n<tr height=\"52\">\n<td height=\"52\">3003254<\/td>\n<td width=\"339\">Harjutussaali   \u00fc\u00fcrimine Kalevipoja tn majas (hind ei sisalda tehnilisi vahendeid, saale ei \u00fc\u00fcrita avalikeks \u00fcritusteks sh usulisteks kombetalitusteks)<\/td>\n<td>H<\/td>\n<td>10,00<\/td>\n<td>EUR<\/td>\n<\/tr>\n<tr height=\"52\">\n<td height=\"52\">3101272<\/td>\n<td width=\"339\">Harjutussaali   \u00fc\u00fcrimine treeninguteks ja proovideks Kalevipoja tn majas kultuurikeskuse Lindakivi koost\u00f6\u00f6lepingulistele kollektiividele<\/td>\n<td>H<\/td>\n<td>3,00<\/td>\n<td>EUR<\/td>\n<\/tr>\n<tr height=\"39\">\n<td height=\"39\">3003255<\/td>\n<td width=\"339\">\u00d5ppeklassi   \u00fc\u00fcrimine Koorti tn majas (hind ei sisalda tehnilisi vahendeid)<\/td>\n<td>H<\/td>\n<td>7,00<\/td>\n<td>EUR<\/td>\n<\/tr>\n<tr height=\"20\">\n<td height=\"20\">3101271<\/td>\n<td>N\u00f5upidamiste ruumi   rent<\/td>\n<td>H<\/td>\n<td>7,00<\/td>\n<td>EUR<\/td>\n<\/tr>\n<tr height=\"20\">\n<td height=\"20\">3101275<\/td>\n<td>Fuajee \u00fc\u00fcrimine<\/td>\n<td>H<\/td>\n<td>15,00<\/td>\n<td>EUR<\/td>\n<\/tr>\n<tr height=\"20\">\n<td height=\"20\">3003256<\/td>\n<td>Raadiomikrofon<\/td>\n<td>TK<\/td>\n<td>12,00<\/td>\n<td>EUR<\/td>\n<\/tr>\n<tr height=\"20\">\n<td height=\"20\">3101280<\/td>\n<td>Vokaalmikrofon<\/td>\n<td>YRT<\/td>\n<td>5,00<\/td>\n<td>EUR<\/td>\n<\/tr>\n<tr height=\"20\">\n<td height=\"20\">3101281<\/td>\n<td>Kondensaatormikrofon<\/td>\n<td>YRT<\/td>\n<td>7,00<\/td>\n<td>EUR<\/td>\n<\/tr>\n<tr height=\"20\">\n<td height=\"20\">3101282<\/td>\n<td>Peamikrofon DPA<\/td>\n<td>YRT<\/td>\n<td>12,00<\/td>\n<td>EUR<\/td>\n<\/tr>\n<tr height=\"20\">\n<td height=\"20\">3003257<\/td>\n<td>Dataprojektor   (tantsu-, kontsertsaalis)<\/td>\n<td>TK<\/td>\n<td>35,00<\/td>\n<td>EUR<\/td>\n<\/tr>\n<tr height=\"20\">\n<td height=\"20\">3101278<\/td>\n<td>Dataprojektor   (\u00f5ppeklassis, konverentsisaalis)<\/td>\n<td>YRT<\/td>\n<td>20,00<\/td>\n<td>EUR<\/td>\n<\/tr>\n<tr height=\"20\">\n<td height=\"20\">3003258<\/td>\n<td>Ekraan<\/td>\n<td>TK<\/td>\n<td>15,00<\/td>\n<td>EUR<\/td>\n<\/tr>\n<tr height=\"20\">\n<td height=\"20\">3003266<\/td>\n<td>Arvuti<\/td>\n<td>YRT<\/td>\n<td>10,00<\/td>\n<td>EUR<\/td>\n<\/tr>\n<tr height=\"20\">\n<td height=\"20\">3003259<\/td>\n<td>Kontsertklaver<\/td>\n<td>TK<\/td>\n<td>0,00<\/td>\n<td>EUR<\/td>\n<\/tr>\n<tr height=\"20\">\n<td height=\"20\">3101277<\/td>\n<td>Digitaalklaver<\/td>\n<td>YRT<\/td>\n<td>10,00<\/td>\n<td>EUR<\/td>\n<\/tr>\n<tr height=\"20\">\n<td height=\"20\">3003260<\/td>\n<td>Laud<\/td>\n<td>TK<\/td>\n<td>2,00<\/td>\n<td>EUR<\/td>\n<\/tr>\n<tr height=\"20\">\n<td height=\"20\">3003261<\/td>\n<td>Toolid<\/td>\n<td>TK<\/td>\n<td>1,00<\/td>\n<td>EUR<\/td>\n<\/tr>\n<tr height=\"20\">\n<td height=\"20\">3101287<\/td>\n<td>Suitsumasin<\/td>\n<td>YRT<\/td>\n<td>15,00<\/td>\n<td>EUR<\/td>\n<\/tr>\n<tr height=\"20\">\n<td height=\"20\">3101290<\/td>\n<td>V\u00f5imendi 600 W<\/td>\n<td>YRT<\/td>\n<td>25,00<\/td>\n<td>EUR<\/td>\n<\/tr>\n<tr height=\"20\">\n<td height=\"20\">3101291<\/td>\n<td>V\u00f5imendi 300 W<\/td>\n<td>YRT<\/td>\n<td>15,00<\/td>\n<td>EUR<\/td>\n<\/tr>\n<tr height=\"20\">\n<td height=\"20\">3101295<\/td>\n<td>UV- valgustid<\/td>\n<td>YRT<\/td>\n<td>4,00<\/td>\n<td>EUR<\/td>\n<\/tr>\n<tr height=\"20\">\n<td height=\"20\">3006655<\/td>\n<td>Piletiraamat<\/td>\n<td>TK<\/td>\n<td>7,00<\/td>\n<td>EUR<\/td>\n<\/tr>\n<tr height=\"20\">\n<td height=\"20\">3101294<\/td>\n<td>Tahvel koos   kirjutusvahenditega<\/td>\n<td>YRT<\/td>\n<td>2,00<\/td>\n<td>EUR<\/td>\n<\/tr>\n<tr height=\"20\">\n<td height=\"20\">3101293<\/td>\n<td>V\u00e4ljaprintimine   (must-valge\/v\u00e4rviline)<\/td>\n<td>LK<\/td>\n<td>0,20<\/td>\n<td>EUR<\/td>\n<\/tr>\n<tr height=\"20\">\n<td height=\"20\">3101303<\/td>\n<td>Reklaami paigaldamine   stendile<\/td>\n<td>PV<\/td>\n<td>1,00<\/td>\n<td>EUR<\/td>\n<\/tr>\n<tr height=\"20\">\n<td height=\"20\">3101288<\/td>\n<td>Heliefektiseadmed<\/td>\n<td>YRT<\/td>\n<td>12,00<\/td>\n<td>EUR<\/td>\n<\/tr>\n<tr height=\"20\">\n<td height=\"20\">3101289<\/td>\n<td>Helit\u00f6\u00f6tlusseadmed<\/td>\n<td>YRT<\/td>\n<td>12,00<\/td>\n<td>EUR<\/td>\n<\/tr>\n<tr height=\"20\">\n<td height=\"20\">3101296<\/td>\n<td>K\u00f5nepult v\u00e4ike<\/td>\n<td>YRT<\/td>\n<td>5,00<\/td>\n<td>EUR<\/td>\n<\/tr>\n<tr height=\"20\">\n<td height=\"20\">3101297<\/td>\n<td>K\u00f5nepult suur<\/td>\n<td>YRT<\/td>\n<td>6,00<\/td>\n<td>EUR<\/td>\n<\/tr>\n<tr height=\"20\">\n<td height=\"20\">3101286<\/td>\n<td>DI &#8211; BOX<\/td>\n<td>YRT<\/td>\n<td>2,00<\/td>\n<td>EUR<\/td>\n<\/tr>\n<tr height=\"20\">\n<td height=\"20\">3101285<\/td>\n<td>Pilliv\u00f5imendid<\/td>\n<td>YRT<\/td>\n<td>12,00<\/td>\n<td>EUR<\/td>\n<\/tr>\n<tr height=\"20\">\n<td height=\"20\">3101279<\/td>\n<td>CD- , MD-   ,DVD-m\u00e4ngija<\/td>\n<td>YRT<\/td>\n<td>5,00<\/td>\n<td>EUR<\/td>\n<\/tr>\n<tr height=\"20\">\n<td height=\"20\">3101274<\/td>\n<td>Rekvisiitide ruumi   \u00fc\u00fcrimine<\/td>\n<td>PV<\/td>\n<td>2,00<\/td>\n<td>EUR<\/td>\n<\/tr>\n<tr height=\"20\">\n<td height=\"20\">3101284<\/td>\n<td>Monitorid koos   v\u00f5imendiga<\/td>\n<td>YRT<\/td>\n<td>4,00<\/td>\n<td>EUR<\/td>\n<\/tr>\n<tr height=\"20\">\n<td height=\"20\">3003248<\/td>\n<td>Piletid piirhind   kontserdile, etendusele<\/td>\n<td>TK<\/td>\n<td>25,00<\/td>\n<td>EUR<\/td>\n<\/tr>\n<tr height=\"20\">\n<td height=\"20\">3003262<\/td>\n<td>Koopiate tegemine A-4<\/td>\n<td>LK<\/td>\n<td>0,15<\/td>\n<td>EUR<\/td>\n<\/tr>\n<tr height=\"20\">\n<td height=\"20\">3003263<\/td>\n<td>Koopiate tegemine A-3<\/td>\n<td>LK<\/td>\n<td>0,20<\/td>\n<td>EUR<\/td>\n<\/tr>\n<tr height=\"20\">\n<td height=\"20\">3003264<\/td>\n<td>Paljundamine A4,   kahepoolne<\/td>\n<td>LK<\/td>\n<td>0,13<\/td>\n<td>EUR<\/td>\n<\/tr>\n<tr height=\"20\">\n<td height=\"20\">3003265<\/td>\n<td>Paljundamine A3,   kahepoolne<\/td>\n<td>LK<\/td>\n<td>0,19<\/td>\n<td>EUR<\/td>\n<\/tr>\n<tr height=\"20\">\n<td height=\"20\">3003266<\/td>\n<td>Arvuti<\/td>\n<td>H<\/td>\n<td>10,00<\/td>\n<td>EUR<\/td>\n<\/tr>\n<tr height=\"20\">\n<td height=\"20\">3003267<\/td>\n<td>Printimine A4<\/td>\n<td>LK<\/td>\n<td>0,13<\/td>\n<td>EUR<\/td>\n<\/tr>\n<tr height=\"20\">\n<td height=\"20\">3012413<\/td>\n<td>Kauplemispind 1m2<\/td>\n<td>M2<\/td>\n<td>1,00<\/td>\n<td>EUR<\/td>\n<\/tr>\n<tr height=\"20\">\n<td height=\"20\">3100676<\/td>\n<td>Muud erakorralised   tulud<\/td>\n<td>TK<\/td>\n<td>0,00<\/td>\n<td>EUR<\/td>\n<\/tr>\n<tr height=\"35\">\n<td height=\"35\">3101273<\/td>\n<td width=\"339\">\u00d5ppeklassi   \u00fc\u00fcrimine Kalevipoja tn majas (hind ei sisalda<br \/>\ntehnilisi vahendeid)<\/td>\n<td>H<\/td>\n<td>7,00<\/td>\n<td>EUR<\/td>\n<\/tr>\n<tr height=\"20\">\n<td height=\"20\">3101274<\/td>\n<td>Rekvisiitide ruumi   \u00fc\u00fcrimine<\/td>\n<td>PV<\/td>\n<td>2,00<\/td>\n<td>EUR<\/td>\n<\/tr>\n<tr height=\"20\">\n<td height=\"20\">3101283<\/td>\n<td>Trummimikrofonide   komplekt<\/td>\n<td>YRT<\/td>\n<td>25,00<\/td>\n<td>EUR<\/td>\n<\/tr>\n<tr height=\"20\">\n<td height=\"20\">3101284<\/td>\n<td>Monitorid koos   v\u00f5imendiga<\/td>\n<td>YRT<\/td>\n<td>4,00<\/td>\n<td>EUR<\/td>\n<\/tr>\n<tr height=\"20\">\n<td height=\"20\">3101285<\/td>\n<td>Pilliv\u00f5imendid<\/td>\n<td>YRT<\/td>\n<td>12,00<\/td>\n<td>EUR<\/td>\n<\/tr>\n<tr height=\"20\">\n<td height=\"20\">3101286<\/td>\n<td>DI &#8211; BOX<\/td>\n<td>YRT<\/td>\n<td>2,00<\/td>\n<td>EUR<\/td>\n<\/tr>\n<tr height=\"20\">\n<td height=\"20\">3101288<\/td>\n<td>Heliefektiseadmed<\/td>\n<td>YRT<\/td>\n<td>12,00<\/td>\n<td>EUR<\/td>\n<\/tr>\n<tr height=\"20\">\n<td height=\"20\">3101289<\/td>\n<td>Helit\u00f6\u00f6tlusseadmed<\/td>\n<td>YRT<\/td>\n<td>12,00<\/td>\n<td>EUR<\/td>\n<\/tr>\n<tr height=\"20\">\n<td height=\"20\">3101292<\/td>\n<td>Keraamika ahi<\/td>\n<td>PV<\/td>\n<td>7,00<\/td>\n<td>EUR<\/td>\n<\/tr>\n<tr height=\"20\">\n<td height=\"20\">3101296<\/td>\n<td>K\u00f5nepult v\u00e4ike<\/td>\n<td>YRT<\/td>\n<td>5,00<\/td>\n<td>EUR<\/td>\n<\/tr>\n<tr height=\"20\">\n<td height=\"20\">3101297<\/td>\n<td>K\u00f5nepult suur<\/td>\n<td>YRT<\/td>\n<td>6,00<\/td>\n<td>EUR<\/td>\n<\/tr>\n<tr height=\"20\">\n<td height=\"20\">3101298<\/td>\n<td>Piletid   laste\u00fcritusele<\/td>\n<td>TK<\/td>\n<td>5,00<\/td>\n<td>EUR<\/td>\n<\/tr>\n<tr height=\"20\">\n<td height=\"20\">3101299<\/td>\n<td>Piletid tantsu\u00f5htule<\/td>\n<td>TK<\/td>\n<td>15,00<\/td>\n<td>EUR<\/td>\n<\/tr>\n<tr height=\"20\">\n<td height=\"20\">3101300<\/td>\n<td>Kinopiletid<\/td>\n<td>TK<\/td>\n<td>10,00<\/td>\n<td>EUR<\/td>\n<\/tr>\n<tr height=\"20\">\n<td height=\"20\">3101301<\/td>\n<td>Piletid kohvikklubi   \u00fcritusele<\/td>\n<td>TK<\/td>\n<td>7,00<\/td>\n<td>EUR<\/td>\n<\/tr>\n<tr height=\"20\">\n<td height=\"20\">3101302<\/td>\n<td>Piletid eakate   \u00fcritusele<\/td>\n<td>TK<\/td>\n<td>5,00<\/td>\n<td>EUR<\/td>\n<\/tr>\n<tr height=\"19\">\n<td height=\"19\">3003259<\/td>\n<td>Kontsertklaver h\u00e4\u00e4lestusega<\/td>\n<td>YRT<\/td>\n<td>90,00<\/td>\n<td>EUR<\/td>\n<\/tr>\n<tr height=\"52\">\n<td height=\"52\">3110806<\/td>\n<td width=\"339\">Kultuurikeskuses   toimuvate \u00fcrituste reklaamb\u00e4nneri kuvamine kultuurikeskuse Lindakivi kodulehel ja Facebooki kanalis<\/td>\n<td>YRT<\/td>\n<td>12,00<\/td>\n<td>EUR<\/td>\n<\/tr>\n<tr height=\"35\">\n<td height=\"35\">3110805<\/td>\n<td width=\"339\">Kultuurikeskuses   toimuvate \u00fcrituste visuaalse reklaamklipi esitamine Koorti maja\u00a0 ekraanil<\/td>\n<td>PV<\/td>\n<td>1,00<\/td>\n<td>EUR<\/td>\n<\/tr>\n<tr height=\"52\">\n<td height=\"52\">3110804<\/td>\n<td width=\"339\">V\u00e4ljaspool   Lasnam\u00e4e linnaosa toimuvate tasuta \u00fcrituste<br \/>\nv\u00f5i Tallinnas (v.a. kultuurikeskuses Lindakivi) toimuvate tasuliste \u00fcrituste reklaam<\/td>\n<td>PV<\/td>\n<td>1,00<\/td>\n<td>EUR<\/td>\n<\/tr>\n<\/tbody>\n<\/table>\n<p><strong>Kalevipoja tn majas \u00fc\u00fcritakse ruume t\u00f6\u00f6p\u00e4evadel kella 12:00-22:00 ning n\u00e4dalavahetuselkella 10:00-19:00. Ruumide \u00fc\u00fcrimisel v\u00e4ljaspool \u00fclaltoodud aegu ning riiklikel p\u00fchadelrakendatakse topelttariife.<\/strong><\/p>\n<p><strong>Koorti tn majas \u00fc\u00fcritakse ruume k\u00f5igil n\u00e4dalap\u00e4evadel kella 10:00-22:00. Ruumide \u00fc\u00fcrimiselajavahemikul kella 23:00-09:00 ning riiklikel p\u00fchadel rakendatakse topelttariife.<br \/>\n<\/strong><\/p>","protected":false},"excerpt":{"rendered":"<p>&nbsp; Alates 01. juulist 2023 Kultuurikeskuses &#8220;Lindakivi&#8221; kehtib uus hinnakiri. Teenuse kood Teenus M\u00f5\u00f5t\u00fchik Hind \u00dchik 3101252 Heli- , valgus- ,lavatehnika kasutamine H 10,00 EUR 3003249 Kontsertsaali \u00fc\u00fcrimine kultuuri\u00fcrituseks (hind ei sisalda heli-, valgus- ja lavatehnika kasutamist), hind sisaldab kontsertklaveri ja kuni 10 tooli kasutamist laval ning kultuurikeskuse reklaampindade kasutamist&#8230; <br \/><a href=\"https:\/\/lindakivi.ee\/et\/ruumid\/hinnakiri\/\">J\u00e4tka lugemist <span class=\"meta-nav\">&rarr;<\/span><\/a><\/p>\n","protected":false},"author":1,"featured_media":0,"parent":26,"menu_order":2,"comment_status":"closed","ping_status":"closed","template":"","meta":{"footnotes":""},"_links":{"self":[{"href":"https:\/\/lindakivi.ee\/et\/wp-json\/wp\/v2\/pages\/23"}],"collection":[{"href":"https:\/\/lindakivi.ee\/et\/wp-json\/wp\/v2\/pages"}],"about":[{"href":"https:\/\/lindakivi.ee\/et\/wp-json\/wp\/v2\/types\/page"}],"author":[{"embeddable":true,"href":"https:\/\/lindakivi.ee\/et\/wp-json\/wp\/v2\/users\/1"}],"replies":[{"embeddable":true,"href":"https:\/\/lindakivi.ee\/et\/wp-json\/wp\/v2\/comments?post=23"}],"version-history":[{"count":0,"href":"https:\/\/lindakivi.ee\/et\/wp-json\/wp\/v2\/pages\/23\/revisions"}],"up":[{"embeddable":true,"href":"https:\/\/lindakivi.ee\/et\/wp-json\/wp\/v2\/pages\/26"}],"wp:attachment":[{"href":"https:\/\/lindakivi.ee\/et\/wp-json\/wp\/v2\/media?parent=23"}],"curies":[{"name":"wp","href":"https:\/\/api.w.org\/{rel}","templated":true}]}}