{"id":30,"date":"2010-11-22T00:10:38","date_gmt":"2010-11-21T22:10:38","guid":{"rendered":"http:\/\/lindakivi.ee\/"},"modified":"2024-01-11T13:22:12","modified_gmt":"2024-01-11T11:22:12","slug":"huviringide-maja","status":"publish","type":"page","link":"https:\/\/lindakivi.ee\/et\/keskus\/huviringide-maja\/","title":{"rendered":"Huviringide Maja"},"content":{"rendered":"<p>Kalevipoja 10, 13625 Tallinn<\/p>\n<p>Kultuurikeskuse kasutuses on kaks hoonet: Koorti tn 22,<br \/>\nkontsert -, tantsu &#8211; ja n\u00e4itusesaal \u00fcrituste , n\u00e4ituste korraldamiseks publikule ning<\/p>\n<p>Huviringide Maja, Kalevipoja 10 hoone alaliselt tegutsevate kollektiivide<br \/>\nharjutus- ja seltsitegevuseks.<\/p>\n<div>\n<p><strong><a href=\"http:\/\/lindakivi.ee\/wp-content\/uploads\/2010\/11\/HM1.jpg\" rel=\"lightbox[30]\"><img loading=\"lazy\" decoding=\"async\" class=\"aligncenter size-large wp-image-415\" title=\"HM1\" src=\"http:\/\/lindakivi.ee\/wp-content\/uploads\/2010\/11\/HM1-1024x768.jpg\" alt=\"\" width=\"1024\" height=\"768\" srcset=\"https:\/\/lindakivi.ee\/wp-content\/uploads\/2010\/11\/HM1-1024x768.jpg 1024w, https:\/\/lindakivi.ee\/wp-content\/uploads\/2010\/11\/HM1-300x225.jpg 300w\" sizes=\"(max-width: 1024px) 100vw, 1024px\" \/><\/a>Huviringide Maja, Kalevipoja 10, 13625 \u0422allinn<\/strong><\/p>\n<p><strong> <\/strong><strong><\/strong><strong style=\"font-size: 14.08px; line-height: 1.6em;\">on avatud j\u00e4rgmiselt: \u00a0E-R 12.00 \u2013 22.00,\u00a0<span style=\"font-size: 14px; line-height: 1.6em;\">L-P 10.00-19.00<\/span><\/strong><\/p>\n<\/div>\n<p>Huviringide maja (Kalevipoja 10) administraatori mobiiltelefoni number: +372 53 026 065; 607 2773<\/p>","protected":false},"excerpt":{"rendered":"<p>Kalevipoja 10, 13625 Tallinn Kultuurikeskuse kasutuses on kaks hoonet: Koorti tn 22, kontsert -, tantsu &#8211; ja n\u00e4itusesaal \u00fcrituste , n\u00e4ituste korraldamiseks publikule ning Huviringide Maja, Kalevipoja 10 hoone alaliselt tegutsevate kollektiivide harjutus- ja seltsitegevuseks. Huviringide Maja, Kalevipoja 10, 13625 \u0422allinn on avatud j\u00e4rgmiselt: \u00a0E-R 12.00 \u2013 22.00,\u00a0L-P 10.00-19.00 Huviringide&#8230; <br \/><a href=\"https:\/\/lindakivi.ee\/et\/keskus\/huviringide-maja\/\">J\u00e4tka lugemist <span class=\"meta-nav\">&rarr;<\/span><\/a><\/p>\n","protected":false},"author":1,"featured_media":0,"parent":20,"menu_order":3,"comment_status":"closed","ping_status":"closed","template":"","meta":{"footnotes":""},"_links":{"self":[{"href":"https:\/\/lindakivi.ee\/et\/wp-json\/wp\/v2\/pages\/30"}],"collection":[{"href":"https:\/\/lindakivi.ee\/et\/wp-json\/wp\/v2\/pages"}],"about":[{"href":"https:\/\/lindakivi.ee\/et\/wp-json\/wp\/v2\/types\/page"}],"author":[{"embeddable":true,"href":"https:\/\/lindakivi.ee\/et\/wp-json\/wp\/v2\/users\/1"}],"replies":[{"embeddable":true,"href":"https:\/\/lindakivi.ee\/et\/wp-json\/wp\/v2\/comments?post=30"}],"version-history":[{"count":0,"href":"https:\/\/lindakivi.ee\/et\/wp-json\/wp\/v2\/pages\/30\/revisions"}],"up":[{"embeddable":true,"href":"https:\/\/lindakivi.ee\/et\/wp-json\/wp\/v2\/pages\/20"}],"wp:attachment":[{"href":"https:\/\/lindakivi.ee\/et\/wp-json\/wp\/v2\/media?parent=30"}],"curies":[{"name":"wp","href":"https:\/\/api.w.org\/{rel}","templated":true}]}}