{"id":31,"date":"2010-11-22T00:14:23","date_gmt":"2010-11-21T22:14:23","guid":{"rendered":"http:\/\/lindakivi.ee\/"},"modified":"2025-09-02T17:47:30","modified_gmt":"2025-09-02T14:47:30","slug":"personal","status":"publish","type":"page","link":"https:\/\/lindakivi.ee\/et\/contact\/personal\/","title":{"rendered":"Personal"},"content":{"rendered":"<p>&nbsp;<\/p>\n<h3>MARKO L\u00d5HMUS<\/h3>\n<p>direktor<br \/>\n<span style=\"text-decoration: underline; color: #00ccff; background-color: #ffffff;\">marko.lohmus@lindakivi.ee<\/span><br \/>\n(+372) 635 2436<\/p>\n<hr style=\"font-size: 14.08px;\" \/>\n<h3><strong>ARTUR RAIDMETS<\/strong><\/h3>\n<p>direktori aset\u00e4itja &#8211; projektijuht\u00a0 (Huviringide majas, Kalevipoja 10)<\/p>\n<div><a href=\"mailto:artur@lindakivi.ee\" target=\"_blank\" rel=\"noopener\">artur.raidmets@lindakivi.ee<\/a><\/div>\n<div>tel (+ 372 ) 607 2773<\/div>\n<div>\n<hr \/>\n<\/div>\n<h3>JULIA\u00a0TIMERBULATOVA<\/h3>\n<p>direktori aset\u00e4itja &#8211; m\u00fc\u00fcgijuht<br \/>\n<a href=\"mailto:julia.timerbulatova@lindakivi.ee\">julia.timerbulatova@lindakivi.ee<\/a><br \/>\n(+372) 632 5239<\/p>\n<hr \/>\n<h3><strong style=\"font-size: 14.08px;\"><span style=\"font-size: 1.5em;\">ALFRED L\u00d5HMUS<\/span><\/strong><\/h3>\n<p>haldusjuht<br \/>\n<span style=\"text-decoration: underline; color: #00ccff;\">alfred.lohmus<\/span><a href=\"mailto:maia@lindakivi.ee\"><span style=\"color: #00ccff;\">@lindakivi.ee<\/span><\/a><br \/>\n(+372) 646 2411<\/p>\n<hr \/>\n<h3>ROSTISLAV NYCHYPORUK<\/h3>\n<p>helitehnik<br \/>\n<a href=\"mailto:rostislav.nychyporuk@lindakivi.ee\">rostislav.nychyporuk@lindakivi.ee<\/a><br \/>\n(+372) 646 2411<\/p>\n<hr \/>\n<h3>REM JUGAI<\/h3>\n<p>valgustehnik<br \/>\n<a href=\"mailto:rem.jugai@lindakivi.ee\" target=\"_blank\" rel=\"noopener\"><span style=\"color: #00ccff;\">rem.jugai@lindakivi.ee<\/span><\/a><br \/>\n<span style=\"font-size: 14px; line-height: 1.6em;\">(+372) 646 2411<\/span><\/p>\n<hr \/>\n<h3>TIIT TOOMEL<\/h3>\n<p>tehnik<br \/>\n(+372) 646 2411<\/p>\n<hr \/>\n<h3>NIKOLAI T\u0160EBANJAN<\/h3>\n<p>lavamehaanik<br \/>\n<a href=\"mailto:nikolai@lindakivi.ee\" target=\"_blank\" rel=\"noopener\">nikolai.tsebanjan@lindakivi.ee<\/a><br \/>\n(+372) 646 2411<\/p>\n<hr \/>\n<h3>MAKSIM URM<\/h3>\n<p>IT spetsialist<br \/>\n(+372) 501 4154<\/p>\n<hr \/>\n<h3>JEKATERINA KUZMINA<\/h3>\n<p>peaadministraator (Koorti 22)<br \/>\n<a href=\"mailto:jekaterina.kuzmina@lindakivi.ee\">jekaterina.kuzmina@lindakivi.ee<\/a><br \/>\n(+372) 646 2411<\/p>\n<hr \/>\n<h3>JULIA BESSEDINA<\/h3>\n<p>valveadministraator (Koorti 22)<br \/>\n<a href=\"mailto:julia.bessedina@lindakivi.ee\">julia.bessedina@lindakivi.ee<\/a><br \/>\n<span style=\"font-size: 14.08px; line-height: 1.6em;\">(+372) 646 2411<\/span><\/p>\n<hr \/>\n<h3><strong>TAMARA M\u00d5SSINA<\/strong><\/h3>\n<p>valveadministraator (Koorti 22)<br \/>\n<a href=\"mailto:tamara.mossina@lindakivi.ee\">tamara.mossina@lindakivi.ee<\/a><br \/>\n(+372) 646 2411<\/p>\n<hr \/>\n<p><strong><span style=\"font-size: 1.5em;\">LJUDMILLA \u0160EINOVA<\/span><\/strong><\/p>\n<p>valveadministraator (Huviringide majas, Kalevipoja 10)<br \/>\n<span style=\"text-decoration: underline; color: #00ccff;\">ljudmilla.seinova@lindakivi.ee<\/span><br \/>\n(+372) 5302 6065; 607 2773<\/p>\n<hr \/>\n<p>&nbsp;<\/p>","protected":false},"excerpt":{"rendered":"<p>&nbsp; MARKO L\u00d5HMUS direktor marko.lohmus@lindakivi.ee (+372) 635 2436 ARTUR RAIDMETS direktori aset\u00e4itja &#8211; projektijuht\u00a0 (Huviringide majas, Kalevipoja 10) artur.raidmets@lindakivi.ee tel (+ 372 ) 607 2773 JULIA\u00a0TIMERBULATOVA direktori aset\u00e4itja &#8211; m\u00fc\u00fcgijuht julia.timerbulatova@lindakivi.ee (+372) 632 5239 ALFRED L\u00d5HMUS haldusjuht alfred.lohmus@lindakivi.ee (+372) 646 2411 ROSTISLAV NYCHYPORUK helitehnik rostislav.nychyporuk@lindakivi.ee (+372) 646 2411 REM JUGAI&#8230; <br \/><a href=\"https:\/\/lindakivi.ee\/et\/contact\/personal\/\">J\u00e4tka lugemist <span class=\"meta-nav\">&rarr;<\/span><\/a><\/p>\n","protected":false},"author":1,"featured_media":0,"parent":8,"menu_order":1,"comment_status":"closed","ping_status":"closed","template":"","meta":{"footnotes":""},"_links":{"self":[{"href":"https:\/\/lindakivi.ee\/et\/wp-json\/wp\/v2\/pages\/31"}],"collection":[{"href":"https:\/\/lindakivi.ee\/et\/wp-json\/wp\/v2\/pages"}],"about":[{"href":"https:\/\/lindakivi.ee\/et\/wp-json\/wp\/v2\/types\/page"}],"author":[{"embeddable":true,"href":"https:\/\/lindakivi.ee\/et\/wp-json\/wp\/v2\/users\/1"}],"replies":[{"embeddable":true,"href":"https:\/\/lindakivi.ee\/et\/wp-json\/wp\/v2\/comments?post=31"}],"version-history":[{"count":0,"href":"https:\/\/lindakivi.ee\/et\/wp-json\/wp\/v2\/pages\/31\/revisions"}],"up":[{"embeddable":true,"href":"https:\/\/lindakivi.ee\/et\/wp-json\/wp\/v2\/pages\/8"}],"wp:attachment":[{"href":"https:\/\/lindakivi.ee\/et\/wp-json\/wp\/v2\/media?parent=31"}],"curies":[{"name":"wp","href":"https:\/\/api.w.org\/{rel}","templated":true}]}}