{"id":77,"date":"2011-04-06T15:25:02","date_gmt":"2011-04-06T15:25:02","guid":{"rendered":"http:\/\/lindakivi.ee\/?page_id=77"},"modified":"2013-05-02T13:46:18","modified_gmt":"2013-05-02T10:46:18","slug":"nukuteater-rauf-av-ari","status":"publish","type":"page","link":"https:\/\/lindakivi.ee\/et\/huviringid-2\/nukuteater-rauf-av-ari\/","title":{"rendered":"Nukuteater Av\u0161ar"},"content":{"rendered":"<p><img loading=\"lazy\" decoding=\"async\" class=\"alignright size-full wp-image-78\" title=\"Rauf\" src=\"http:\/\/lindakivi.ee\/wp-content\/uploads\/2011\/04\/Rauf.jpg\" alt=\"\" width=\"200\" height=\"193\" \/>Tunnid toimuvad Huviringide Majas, Kalevipoja 10<\/p>\n<p>Kolmap\u00e4eval  kell  11 &#8211; 14<br \/>\nLaup\u00e4ev       kell  13 &#8211; 17<br \/>\nP\u00fchap\u00e4ev     kell  11 &#8211; 15<\/p>\n<p>\u00d5ppet\u00f6\u00f6 toimub vene keeles.<\/p>","protected":false},"excerpt":{"rendered":"<p>Tunnid toimuvad Huviringide Majas, Kalevipoja 10 Kolmap\u00e4eval kell 11 &#8211; 14 Laup\u00e4ev kell 13 &#8211; 17 P\u00fchap\u00e4ev kell 11 &#8211; 15 \u00d5ppet\u00f6\u00f6 toimub vene keeles.<\/p>\n","protected":false},"author":1,"featured_media":0,"parent":521,"menu_order":16,"comment_status":"closed","ping_status":"closed","template":"","meta":{"footnotes":""},"_links":{"self":[{"href":"https:\/\/lindakivi.ee\/et\/wp-json\/wp\/v2\/pages\/77"}],"collection":[{"href":"https:\/\/lindakivi.ee\/et\/wp-json\/wp\/v2\/pages"}],"about":[{"href":"https:\/\/lindakivi.ee\/et\/wp-json\/wp\/v2\/types\/page"}],"author":[{"embeddable":true,"href":"https:\/\/lindakivi.ee\/et\/wp-json\/wp\/v2\/users\/1"}],"replies":[{"embeddable":true,"href":"https:\/\/lindakivi.ee\/et\/wp-json\/wp\/v2\/comments?post=77"}],"version-history":[{"count":0,"href":"https:\/\/lindakivi.ee\/et\/wp-json\/wp\/v2\/pages\/77\/revisions"}],"up":[{"embeddable":true,"href":"https:\/\/lindakivi.ee\/et\/wp-json\/wp\/v2\/pages\/521"}],"wp:attachment":[{"href":"https:\/\/lindakivi.ee\/et\/wp-json\/wp\/v2\/media?parent=77"}],"curies":[{"name":"wp","href":"https:\/\/api.w.org\/{rel}","templated":true}]}}