{"id":8,"date":"2010-11-14T14:50:49","date_gmt":"2010-11-14T12:50:49","guid":{"rendered":"http:\/\/lindakivi.ee\/"},"modified":"2025-09-02T18:25:13","modified_gmt":"2025-09-02T15:25:13","slug":"contact","status":"publish","type":"page","link":"https:\/\/lindakivi.ee\/et\/contact\/","title":{"rendered":"Kontakt"},"content":{"rendered":"<p><small><a style=\"color: #0000ff; text-align: left;\" href=\"http:\/\/maps.google.com\/maps?f=q&amp;source=embed&amp;hl=en&amp;geocode=&amp;q=lindakivi&amp;aq=&amp;sll=37.0625,-95.677068&amp;sspn=58.555544,135.263672&amp;vpsrc=6&amp;ie=UTF8&amp;hq=lindakivi&amp;hnear=&amp;radius=15000&amp;cid=14451516588326584256&amp;ll=59.44333,24.830475&amp;spn=0.030545,0.072956&amp;z=13\">View Larger Map<\/a><a href=\"http:\/\/maps.google.com\/maps?f=q&amp;source=embed&amp;hl=en&amp;geocode=&amp;q=lindakivi&amp;aq=&amp;sll=37.0625,-95.677068&amp;sspn=58.555544,135.263672&amp;vpsrc=6&amp;ie=UTF8&amp;hq=lindakivi&amp;hnear=&amp;radius=15000&amp;cid=14451516588326584256&amp;ll=59.44333,24.830475&amp;spn=0.030545,0.072956&amp;z=13\"><img loading=\"lazy\" decoding=\"async\" class=\"aligncenter size-full wp-image-245\" title=\"Map1\" src=\"http:\/\/lindakivi.ee\/wp-content\/uploads\/2010\/11\/Map1.jpg\" alt=\"\" width=\"553\" height=\"351\" srcset=\"https:\/\/lindakivi.ee\/wp-content\/uploads\/2010\/11\/Map1.jpg 553w, https:\/\/lindakivi.ee\/wp-content\/uploads\/2010\/11\/Map1-300x190.jpg 300w\" sizes=\"(max-width: 553px) 100vw, 553px\" \/><\/a><\/small><\/p>\n<p>J. Koorti 22, 13623 TALLINN<\/p>\n<p>Tel.\u00a0646 2411<br \/>\nE-mail: <a href=\"mailto:info@lindakivi.ee\">info@lindakivi.ee<\/a><\/p>\n<div><\/div>\n<div>\n<p><strong>Kultuurikeskus Lindakivi, J. Koorti 22 , 13623 Tallinn on avatud allj\u00e4rgnevalt:<\/strong><br \/>\n<strong>E &#8211; P kl 10.00 &#8211; 22.00<\/strong><br \/>\n<strong>Kultuurikeskus Lindakivi (Koorti 22) administraatori telefoni number: +372 5302 3534; 646 2411<\/strong><\/p>\n<p><strong>Kalevipoja tn 10, 13625 Tallinn (Huviringide maja) on avatud allj\u00e4rgnevalt:<\/strong><br \/>\n<strong>T\u00f6\u00f6p\u00e4evadel, E &#8211; R kl 12.00 &#8211; 22.00<\/strong><br \/>\n<strong>L &#8211; P kl 10.00 &#8211; 19.00<\/strong><\/p>\n<p><span style=\"font-size: 14px; line-height: 1.6em;\"><strong>Huviringide maja (Kalevipoja 10) administraatori telefoni number: +372 53 026 065; 607 2773<\/strong><\/span><\/p>\n<p><strong style=\"font-size: 14.08px;\">\u00dcrituste korraldajatel on \u00f5igus teha \u00fcrituste kavas muudatusi.<\/strong><strong><span style=\"font-size: 14.08px;\">\u00dcrituse algus- ja orienteeruv l\u00f5puaeg v\u00f5ib muutuda ning ei s\u00f5ltu kultuurikeskuse Lindakivi personalist.<\/span><\/strong><\/p>\n<div><span style=\"font-size: 14px; line-height: 1.6em; color: #ff0000;\"><strong>RIIGIP\u00dcHADE AJAL M\u00d5LEMAD MAJAD ON SULETUD!<\/strong><\/span><\/div>\n<div><span style=\"color: #000000; font-size: 14.08px; background-color: #ffffff;\">\u00a0<\/span><\/div>\n<\/div>\n<p><strong>Bussid 29, 40,44 Vana-Kuuli peatus<br \/>\nBussid 7, 9, 12, 29, 42, 46, 67 Kotka kauplus peatus <\/strong><\/p>","protected":false},"excerpt":{"rendered":"<p>View Larger Map J. Koorti 22, 13623 TALLINN Tel.\u00a0646 2411 E-mail: info@lindakivi.ee Kultuurikeskus Lindakivi, J. Koorti 22 , 13623 Tallinn on avatud allj\u00e4rgnevalt: E &#8211; P kl 10.00 &#8211; 22.00 Kultuurikeskus Lindakivi (Koorti 22) administraatori telefoni number: +372 5302 3534; 646 2411 Kalevipoja tn 10, 13625 Tallinn (Huviringide maja) on&#8230; <br \/><a href=\"https:\/\/lindakivi.ee\/et\/contact\/\">J\u00e4tka lugemist <span class=\"meta-nav\">&rarr;<\/span><\/a><\/p>\n","protected":false},"author":1,"featured_media":0,"parent":0,"menu_order":7,"comment_status":"closed","ping_status":"closed","template":"","meta":{"footnotes":""},"_links":{"self":[{"href":"https:\/\/lindakivi.ee\/et\/wp-json\/wp\/v2\/pages\/8"}],"collection":[{"href":"https:\/\/lindakivi.ee\/et\/wp-json\/wp\/v2\/pages"}],"about":[{"href":"https:\/\/lindakivi.ee\/et\/wp-json\/wp\/v2\/types\/page"}],"author":[{"embeddable":true,"href":"https:\/\/lindakivi.ee\/et\/wp-json\/wp\/v2\/users\/1"}],"replies":[{"embeddable":true,"href":"https:\/\/lindakivi.ee\/et\/wp-json\/wp\/v2\/comments?post=8"}],"version-history":[{"count":0,"href":"https:\/\/lindakivi.ee\/et\/wp-json\/wp\/v2\/pages\/8\/revisions"}],"wp:attachment":[{"href":"https:\/\/lindakivi.ee\/et\/wp-json\/wp\/v2\/media?parent=8"}],"curies":[{"name":"wp","href":"https:\/\/api.w.org\/{rel}","templated":true}]}}